{"id":11145,"date":"2023-10-30T11:05:52","date_gmt":"2023-10-30T11:05:52","guid":{"rendered":"https:\/\/glamorousholidays.com\/?page_id=11145"},"modified":"2023-10-30T11:14:00","modified_gmt":"2023-10-30T11:14:00","slug":"ciragan-palace-kempinski","status":"publish","type":"page","link":"https:\/\/glamorousholidays.com\/en\/ciragan-palace-kempinski\/","title":{"rendered":"\u00c7\u0131ra\u011fan Palace Kempinski"},"content":{"rendered":"\t\t<div data-elementor-type=\"wp-page\" data-elementor-id=\"11145\" class=\"elementor elementor-11145\">\n\t\t\t\t\t\t\t<div class=\"elementor-element elementor-element-bce9ddb e-flex e-con-boxed e-con e-parent\" data-id=\"bce9ddb\" data-element_type=\"container\" data-settings=\"{&quot;content_width&quot;:&quot;boxed&quot;}\" data-core-v316-plus=\"true\">\n\t\t\t\t\t<div class=\"e-con-inner\">\n\t\t\t\t<div class=\"elementor-element elementor-element-3c26a25 elementor-widget elementor-widget-heading\" data-id=\"3c26a25\" data-element_type=\"widget\" data-widget_type=\"heading.default\">\n\t\t\t\t<div class=\"elementor-widget-container\">\n\t\t\t<style>\/*! elementor - v3.17.0 - 08-11-2023 *\/\n.elementor-heading-title{padding:0;margin:0;line-height:1}.elementor-widget-heading .elementor-heading-title[class*=elementor-size-]>a{color:inherit;font-size:inherit;line-height:inherit}.elementor-widget-heading .elementor-heading-title.elementor-size-small{font-size:15px}.elementor-widget-heading .elementor-heading-title.elementor-size-medium{font-size:19px}.elementor-widget-heading .elementor-heading-title.elementor-size-large{font-size:29px}.elementor-widget-heading .elementor-heading-title.elementor-size-xl{font-size:39px}.elementor-widget-heading .elementor-heading-title.elementor-size-xxl{font-size:59px}<\/style><h2 class=\"elementor-heading-title elementor-size-default\">\u00c7\u0131ra\u011fan Palace Kempinski<\/h2>\t\t<\/div>\n\t\t\t\t<\/div>\n\t\t\t\t<div class=\"elementor-element elementor-element-c26cd08 elementor-widget elementor-widget-text-editor\" data-id=\"c26cd08\" data-element_type=\"widget\" data-widget_type=\"text-editor.default\">\n\t\t\t\t<div class=\"elementor-widget-container\">\n\t\t\t<style>\/*! elementor - v3.17.0 - 08-11-2023 *\/\n.elementor-widget-text-editor.elementor-drop-cap-view-stacked .elementor-drop-cap{background-color:#69727d;color:#fff}.elementor-widget-text-editor.elementor-drop-cap-view-framed .elementor-drop-cap{color:#69727d;border:3px solid;background-color:transparent}.elementor-widget-text-editor:not(.elementor-drop-cap-view-default) .elementor-drop-cap{margin-top:8px}.elementor-widget-text-editor:not(.elementor-drop-cap-view-default) .elementor-drop-cap-letter{width:1em;height:1em}.elementor-widget-text-editor .elementor-drop-cap{float:left;text-align:center;line-height:1;font-size:50px}.elementor-widget-text-editor .elementor-drop-cap-letter{display:inline-block}<\/style>\t\t\t\t<p>\u00c7\u0131ra\u011fan Palace Kempinski Istanbul, one of the most important symbols of the city with its unique location on the Bosphorus, magnificent architecture, rich history and unique beauty, has stepped into a brand new era dominated by the combination of historical textures with modern elegance, following the comprehensive renovation project carried out in the hotel section.<\/p><p>\u00c7\u0131ra\u011fan Palace Kempinski Istanbul, which is the indispensable address of distinguished travel lovers from all over the world with its magnificent nobility and unique location; After the renovation works in the hotel building, it invites its guests to an exciting journey between the past and the future. The hotel entrance, lobby, rooms, suites and two new restaurants, every detail of which has been redesigned with inspiration from the historical and period architecture of \u00c7\u0131ra\u011fan Palace, almost defy time with their admirable styles.<\/p>\t\t\t\t\t\t<\/div>\n\t\t\t\t<\/div>\n\t\t\t\t\t<\/div>\n\t\t\t\t<\/div>\n\t\t<div class=\"elementor-element elementor-element-636c83d e-flex e-con-boxed e-con e-parent\" data-id=\"636c83d\" data-element_type=\"container\" data-settings=\"{&quot;content_width&quot;:&quot;boxed&quot;}\" data-core-v316-plus=\"true\">\n\t\t\t\t\t<div class=\"e-con-inner\">\n\t\t\t\t<div class=\"elementor-element elementor-element-892e5a7 eael-fg-hoverer-content-align-left elementor-widget elementor-widget-eael-filterable-gallery\" data-id=\"892e5a7\" data-element_type=\"widget\" data-settings=\"{&quot;photo_gallery&quot;:&quot;yes&quot;,&quot;pagination&quot;:&quot;false&quot;}\" data-widget_type=\"eael-filterable-gallery.default\">\n\t\t\t\t<div class=\"elementor-widget-container\">\n\t\t\t<style id=\"eael-fg-inline-css-892e5a7\">@media only screen and (max-width: 2399px) {\n\t\t\t\t\t.elementor-element.elementor-element-892e5a7 .eael-filterable-gallery-item-wrap {\n\t\t\t\t\t        width: 25%;\n\t\t\t\t\t    }\n\t\t\t\t\t}@media only screen and (max-width: 1024px) {\n\t\t\t\t\t.elementor-element.elementor-element-892e5a7  .eael-filterable-gallery-item-wrap {\n\t\t\t\t\t        width: 50%;\n\t\t\t\t\t    }\n\t\t\t\t\t}@media only screen and (max-width: 767px) {\n\t\t\t\t\t.elementor-element.elementor-element-892e5a7  .eael-filterable-gallery-item-wrap {\n\t\t\t\t\t        width: 100%;\n\t\t\t\t\t    }\n\t\t\t\t\t}<\/style>        <div id=\"eael-filter-gallery-wrapper-892e5a7\" class=\"eael-filter-gallery-wrapper\" data-layout-mode=\"hoverer\" data-mfp_caption=\"\" data-breakpoints=\"{&quot;mobile&quot;:{&quot;label&quot;:&quot;Mobile Portrait&quot;,&quot;value&quot;:767,&quot;default_value&quot;:767,&quot;direction&quot;:&quot;max&quot;,&quot;is_enabled&quot;:true},&quot;mobile_extra&quot;:{&quot;label&quot;:&quot;Mobile Landscape&quot;,&quot;value&quot;:880,&quot;default_value&quot;:880,&quot;direction&quot;:&quot;max&quot;,&quot;is_enabled&quot;:false},&quot;tablet&quot;:{&quot;label&quot;:&quot;Tablet Portrait&quot;,&quot;value&quot;:1024,&quot;default_value&quot;:1024,&quot;direction&quot;:&quot;max&quot;,&quot;is_enabled&quot;:true},&quot;tablet_extra&quot;:{&quot;label&quot;:&quot;Tablet Landscape&quot;,&quot;value&quot;:1200,&quot;default_value&quot;:1200,&quot;direction&quot;:&quot;max&quot;,&quot;is_enabled&quot;:false},&quot;laptop&quot;:{&quot;label&quot;:&quot;Laptop&quot;,&quot;value&quot;:1366,&quot;default_value&quot;:1366,&quot;direction&quot;:&quot;max&quot;,&quot;is_enabled&quot;:true},&quot;widescreen&quot;:{&quot;label&quot;:&quot;Widescreen&quot;,&quot;value&quot;:2400,&quot;default_value&quot;:2400,&quot;direction&quot;:&quot;min&quot;,&quot;is_enabled&quot;:false}}\" data-default_control_key=\"0\" data-custom_default_control=\"1\">\n            \n            \n            <div class=\"eael-filter-gallery-container masonry\" data-images-per-page=\"\" data-total-gallery-items=\"8\" data-nomore-item-text=\"\" data-settings=\"{&quot;grid_style&quot;:&quot;masonry&quot;,&quot;popup&quot;:&quot;media&quot;,&quot;duration&quot;:500,&quot;gallery_enabled&quot;:&quot;yes&quot;,&quot;video_gallery_yt_privacy&quot;:&quot;&quot;,&quot;control_all_text&quot;:null,&quot;post_id&quot;:11145,&quot;widget_id&quot;:&quot;892e5a7&quot;}\" data-search-all=\"\" data-gallery-items=\"[&quot;\\u003Cdiv class=\\u0022eael-filterable-gallery-item-wrap\\u0022\\u003E\\n\\t\\t\\t\\t\\u003Cdiv class=\\u0022eael-gallery-grid-item\\u0022\\u003E\\u003Ca href=\\u0022https:\\\/\\\/glamorousholidays.com\\\/wp-content\\\/uploads\\\/2023\\\/10\\\/hot-ciragan-1.webp\\u0022 class=\\u0022eael-magnific-link eael-magnific-link-clone media-content-wrap active\\u0022 data-elementor-open-lightbox=\\u0022no\\u0022\\u003E\\u003Cdiv class=\\u0022gallery-item-thumbnail-wrap\\u0022\\u003E\\u003Cimg src=\\u0022https:\\\/\\\/glamorousholidays.com\\\/wp-content\\\/uploads\\\/2023\\\/10\\\/hot-ciragan-1.webp\\u0022 data-lazy-src=\\u0022https:\\\/\\\/glamorousholidays.com\\\/wp-content\\\/uploads\\\/2023\\\/10\\\/hot-ciragan-1.webp\\u0022 alt=\\u0022\\u0022 class=\\u0022gallery-item-thumbnail\\u0022\\u003E\\u003C\\\/div\\u003E\\u003Cdiv class=\\u0022gallery-item-caption-wrap caption-style-hoverer eael-slide-up\\u0022\\u003E\\u003Cdiv class=\\u0022gallery-item-hoverer-bg\\u0022\\u003E\\u003C\\\/div\\u003E\\u003Cdiv class=\\u0022gallery-item-caption-over\\u0022\\u003E\\u003C\\\/div\\u003E\\u003C\\\/div\\u003E\\u003C\\\/a\\u003E\\u003C\\\/a\\u003E\\u003C\\\/a\\u003E\\u003C\\\/div\\u003E\\u003C\\\/div\\u003E&quot;,&quot;\\u003Cdiv class=\\u0022eael-filterable-gallery-item-wrap\\u0022\\u003E\\n\\t\\t\\t\\t\\u003Cdiv class=\\u0022eael-gallery-grid-item\\u0022\\u003E\\u003Ca href=\\u0022https:\\\/\\\/glamorousholidays.com\\\/wp-content\\\/uploads\\\/2023\\\/10\\\/hot-ciragan-2.webp\\u0022 class=\\u0022eael-magnific-link eael-magnific-link-clone media-content-wrap active\\u0022 data-elementor-open-lightbox=\\u0022no\\u0022\\u003E\\u003Cdiv class=\\u0022gallery-item-thumbnail-wrap\\u0022\\u003E\\u003Cimg src=\\u0022https:\\\/\\\/glamorousholidays.com\\\/wp-content\\\/uploads\\\/2023\\\/10\\\/hot-ciragan-2.webp\\u0022 data-lazy-src=\\u0022https:\\\/\\\/glamorousholidays.com\\\/wp-content\\\/uploads\\\/2023\\\/10\\\/hot-ciragan-2.webp\\u0022 alt=\\u0022\\u0022 class=\\u0022gallery-item-thumbnail\\u0022\\u003E\\u003C\\\/div\\u003E\\u003Cdiv class=\\u0022gallery-item-caption-wrap caption-style-hoverer eael-slide-up\\u0022\\u003E\\u003Cdiv class=\\u0022gallery-item-hoverer-bg\\u0022\\u003E\\u003C\\\/div\\u003E\\u003Cdiv class=\\u0022gallery-item-caption-over\\u0022\\u003E\\u003C\\\/div\\u003E\\u003C\\\/div\\u003E\\u003C\\\/a\\u003E\\u003C\\\/a\\u003E\\u003C\\\/a\\u003E\\u003C\\\/div\\u003E\\u003C\\\/div\\u003E&quot;,&quot;\\u003Cdiv class=\\u0022eael-filterable-gallery-item-wrap\\u0022\\u003E\\n\\t\\t\\t\\t\\u003Cdiv class=\\u0022eael-gallery-grid-item\\u0022\\u003E\\u003Ca href=\\u0022https:\\\/\\\/glamorousholidays.com\\\/wp-content\\\/uploads\\\/2023\\\/10\\\/hot-ciragan-3.webp\\u0022 class=\\u0022eael-magnific-link eael-magnific-link-clone media-content-wrap active\\u0022 data-elementor-open-lightbox=\\u0022no\\u0022\\u003E\\u003Cdiv class=\\u0022gallery-item-thumbnail-wrap\\u0022\\u003E\\u003Cimg src=\\u0022https:\\\/\\\/glamorousholidays.com\\\/wp-content\\\/uploads\\\/2023\\\/10\\\/hot-ciragan-3.webp\\u0022 data-lazy-src=\\u0022https:\\\/\\\/glamorousholidays.com\\\/wp-content\\\/uploads\\\/2023\\\/10\\\/hot-ciragan-3.webp\\u0022 alt=\\u0022\\u0022 class=\\u0022gallery-item-thumbnail\\u0022\\u003E\\u003C\\\/div\\u003E\\u003Cdiv class=\\u0022gallery-item-caption-wrap caption-style-hoverer eael-slide-up\\u0022\\u003E\\u003Cdiv class=\\u0022gallery-item-hoverer-bg\\u0022\\u003E\\u003C\\\/div\\u003E\\u003Cdiv class=\\u0022gallery-item-caption-over\\u0022\\u003E\\u003C\\\/div\\u003E\\u003C\\\/div\\u003E\\u003C\\\/a\\u003E\\u003C\\\/a\\u003E\\u003C\\\/a\\u003E\\u003C\\\/div\\u003E\\u003C\\\/div\\u003E&quot;,&quot;\\u003Cdiv class=\\u0022eael-filterable-gallery-item-wrap\\u0022\\u003E\\n\\t\\t\\t\\t\\u003Cdiv class=\\u0022eael-gallery-grid-item\\u0022\\u003E\\u003Ca href=\\u0022https:\\\/\\\/glamorousholidays.com\\\/wp-content\\\/uploads\\\/2023\\\/10\\\/hot-ciragan-4.webp\\u0022 class=\\u0022eael-magnific-link eael-magnific-link-clone media-content-wrap active\\u0022 data-elementor-open-lightbox=\\u0022no\\u0022\\u003E\\u003Cdiv class=\\u0022gallery-item-thumbnail-wrap\\u0022\\u003E\\u003Cimg src=\\u0022https:\\\/\\\/glamorousholidays.com\\\/wp-content\\\/uploads\\\/2023\\\/10\\\/hot-ciragan-4.webp\\u0022 data-lazy-src=\\u0022https:\\\/\\\/glamorousholidays.com\\\/wp-content\\\/uploads\\\/2023\\\/10\\\/hot-ciragan-4.webp\\u0022 alt=\\u0022\\u0022 class=\\u0022gallery-item-thumbnail\\u0022\\u003E\\u003C\\\/div\\u003E\\u003Cdiv class=\\u0022gallery-item-caption-wrap caption-style-hoverer eael-slide-up\\u0022\\u003E\\u003Cdiv class=\\u0022gallery-item-hoverer-bg\\u0022\\u003E\\u003C\\\/div\\u003E\\u003Cdiv class=\\u0022gallery-item-caption-over\\u0022\\u003E\\u003C\\\/div\\u003E\\u003C\\\/div\\u003E\\u003C\\\/a\\u003E\\u003C\\\/a\\u003E\\u003C\\\/a\\u003E\\u003C\\\/div\\u003E\\u003C\\\/div\\u003E&quot;,&quot;\\u003Cdiv class=\\u0022eael-filterable-gallery-item-wrap\\u0022\\u003E\\n\\t\\t\\t\\t\\u003Cdiv class=\\u0022eael-gallery-grid-item\\u0022\\u003E\\u003Ca href=\\u0022https:\\\/\\\/glamorousholidays.com\\\/wp-content\\\/uploads\\\/2023\\\/10\\\/hot-ciragan-5.webp\\u0022 class=\\u0022eael-magnific-link eael-magnific-link-clone media-content-wrap active\\u0022 data-elementor-open-lightbox=\\u0022no\\u0022\\u003E\\u003Cdiv class=\\u0022gallery-item-thumbnail-wrap\\u0022\\u003E\\u003Cimg src=\\u0022https:\\\/\\\/glamorousholidays.com\\\/wp-content\\\/uploads\\\/2023\\\/10\\\/hot-ciragan-5.webp\\u0022 data-lazy-src=\\u0022https:\\\/\\\/glamorousholidays.com\\\/wp-content\\\/uploads\\\/2023\\\/10\\\/hot-ciragan-5.webp\\u0022 alt=\\u0022\\u0022 class=\\u0022gallery-item-thumbnail\\u0022\\u003E\\u003C\\\/div\\u003E\\u003Cdiv class=\\u0022gallery-item-caption-wrap caption-style-hoverer eael-slide-up\\u0022\\u003E\\u003Cdiv class=\\u0022gallery-item-hoverer-bg\\u0022\\u003E\\u003C\\\/div\\u003E\\u003Cdiv class=\\u0022gallery-item-caption-over\\u0022\\u003E\\u003C\\\/div\\u003E\\u003C\\\/div\\u003E\\u003C\\\/a\\u003E\\u003C\\\/a\\u003E\\u003C\\\/a\\u003E\\u003C\\\/div\\u003E\\u003C\\\/div\\u003E&quot;,&quot;\\u003Cdiv class=\\u0022eael-filterable-gallery-item-wrap\\u0022\\u003E\\n\\t\\t\\t\\t\\u003Cdiv class=\\u0022eael-gallery-grid-item\\u0022\\u003E\\u003Ca href=\\u0022https:\\\/\\\/glamorousholidays.com\\\/wp-content\\\/uploads\\\/2023\\\/10\\\/hot-ciragan-6.webp\\u0022 class=\\u0022eael-magnific-link eael-magnific-link-clone media-content-wrap active\\u0022 data-elementor-open-lightbox=\\u0022no\\u0022\\u003E\\u003Cdiv class=\\u0022gallery-item-thumbnail-wrap\\u0022\\u003E\\u003Cimg src=\\u0022https:\\\/\\\/glamorousholidays.com\\\/wp-content\\\/uploads\\\/2023\\\/10\\\/hot-ciragan-6.webp\\u0022 data-lazy-src=\\u0022https:\\\/\\\/glamorousholidays.com\\\/wp-content\\\/uploads\\\/2023\\\/10\\\/hot-ciragan-6.webp\\u0022 alt=\\u0022\\u0022 class=\\u0022gallery-item-thumbnail\\u0022\\u003E\\u003C\\\/div\\u003E\\u003Cdiv class=\\u0022gallery-item-caption-wrap caption-style-hoverer eael-slide-up\\u0022\\u003E\\u003Cdiv class=\\u0022gallery-item-hoverer-bg\\u0022\\u003E\\u003C\\\/div\\u003E\\u003Cdiv class=\\u0022gallery-item-caption-over\\u0022\\u003E\\u003C\\\/div\\u003E\\u003C\\\/div\\u003E\\u003C\\\/a\\u003E\\u003C\\\/a\\u003E\\u003C\\\/a\\u003E\\u003C\\\/div\\u003E\\u003C\\\/div\\u003E&quot;,&quot;\\u003Cdiv class=\\u0022eael-filterable-gallery-item-wrap\\u0022\\u003E\\n\\t\\t\\t\\t\\u003Cdiv class=\\u0022eael-gallery-grid-item\\u0022\\u003E\\u003Ca href=\\u0022https:\\\/\\\/glamorousholidays.com\\\/wp-content\\\/uploads\\\/2023\\\/10\\\/hot-ciragan-7.webp\\u0022 class=\\u0022eael-magnific-link eael-magnific-link-clone media-content-wrap active\\u0022 data-elementor-open-lightbox=\\u0022no\\u0022\\u003E\\u003Cdiv class=\\u0022gallery-item-thumbnail-wrap\\u0022\\u003E\\u003Cimg src=\\u0022https:\\\/\\\/glamorousholidays.com\\\/wp-content\\\/uploads\\\/2023\\\/10\\\/hot-ciragan-7.webp\\u0022 data-lazy-src=\\u0022https:\\\/\\\/glamorousholidays.com\\\/wp-content\\\/uploads\\\/2023\\\/10\\\/hot-ciragan-7.webp\\u0022 alt=\\u0022\\u0022 class=\\u0022gallery-item-thumbnail\\u0022\\u003E\\u003C\\\/div\\u003E\\u003Cdiv class=\\u0022gallery-item-caption-wrap caption-style-hoverer eael-slide-up\\u0022\\u003E\\u003Cdiv class=\\u0022gallery-item-hoverer-bg\\u0022\\u003E\\u003C\\\/div\\u003E\\u003Cdiv class=\\u0022gallery-item-caption-over\\u0022\\u003E\\u003C\\\/div\\u003E\\u003C\\\/div\\u003E\\u003C\\\/a\\u003E\\u003C\\\/a\\u003E\\u003C\\\/a\\u003E\\u003C\\\/div\\u003E\\u003C\\\/div\\u003E&quot;,&quot;\\u003Cdiv class=\\u0022eael-filterable-gallery-item-wrap\\u0022\\u003E\\n\\t\\t\\t\\t\\u003Cdiv class=\\u0022eael-gallery-grid-item\\u0022\\u003E\\u003Ca href=\\u0022https:\\\/\\\/glamorousholidays.com\\\/wp-content\\\/uploads\\\/2023\\\/10\\\/hot-ciragan-8.webp\\u0022 class=\\u0022eael-magnific-link eael-magnific-link-clone media-content-wrap active\\u0022 data-elementor-open-lightbox=\\u0022no\\u0022\\u003E\\u003Cdiv class=\\u0022gallery-item-thumbnail-wrap\\u0022\\u003E\\u003Cimg src=\\u0022https:\\\/\\\/glamorousholidays.com\\\/wp-content\\\/uploads\\\/2023\\\/10\\\/hot-ciragan-8.webp\\u0022 data-lazy-src=\\u0022https:\\\/\\\/glamorousholidays.com\\\/wp-content\\\/uploads\\\/2023\\\/10\\\/hot-ciragan-8.webp\\u0022 alt=\\u0022\\u0022 class=\\u0022gallery-item-thumbnail\\u0022\\u003E\\u003C\\\/div\\u003E\\u003Cdiv class=\\u0022gallery-item-caption-wrap caption-style-hoverer eael-slide-up\\u0022\\u003E\\u003Cdiv class=\\u0022gallery-item-hoverer-bg\\u0022\\u003E\\u003C\\\/div\\u003E\\u003Cdiv class=\\u0022gallery-item-caption-over\\u0022\\u003E\\u003C\\\/div\\u003E\\u003C\\\/div\\u003E\\u003C\\\/a\\u003E\\u003C\\\/a\\u003E\\u003C\\\/a\\u003E\\u003C\\\/div\\u003E\\u003C\\\/div\\u003E&quot;]\" data-init-show=\"8\">\n                <div class=\"eael-filterable-gallery-item-wrap\">\n\t\t\t\t<div class=\"eael-gallery-grid-item\"><a href=\"https:\/\/glamorousholidays.com\/wp-content\/uploads\/2023\/10\/hot-ciragan-1.webp\" class=\"eael-magnific-link eael-magnific-link-clone media-content-wrap active\" data-elementor-open-lightbox=\"no\"><div class=\"gallery-item-thumbnail-wrap\"><img decoding=\"async\" src=\"https:\/\/glamorousholidays.com\/wp-content\/uploads\/2023\/10\/hot-ciragan-1.webp\" data-lazy-src=\"https:\/\/glamorousholidays.com\/wp-content\/uploads\/2023\/10\/hot-ciragan-1.webp\" alt=\"\" class=\"gallery-item-thumbnail\"><\/div><div class=\"gallery-item-caption-wrap caption-style-hoverer eael-slide-up\"><div class=\"gallery-item-hoverer-bg\"><\/div><div class=\"gallery-item-caption-over\"><\/div><\/div><\/a><\/a><\/a><\/div><\/div><div class=\"eael-filterable-gallery-item-wrap\">\n\t\t\t\t<div class=\"eael-gallery-grid-item\"><a href=\"https:\/\/glamorousholidays.com\/wp-content\/uploads\/2023\/10\/hot-ciragan-2.webp\" class=\"eael-magnific-link eael-magnific-link-clone media-content-wrap active\" data-elementor-open-lightbox=\"no\"><div class=\"gallery-item-thumbnail-wrap\"><img decoding=\"async\" src=\"https:\/\/glamorousholidays.com\/wp-content\/uploads\/2023\/10\/hot-ciragan-2.webp\" data-lazy-src=\"https:\/\/glamorousholidays.com\/wp-content\/uploads\/2023\/10\/hot-ciragan-2.webp\" alt=\"\" class=\"gallery-item-thumbnail\"><\/div><div class=\"gallery-item-caption-wrap caption-style-hoverer eael-slide-up\"><div class=\"gallery-item-hoverer-bg\"><\/div><div class=\"gallery-item-caption-over\"><\/div><\/div><\/a><\/a><\/a><\/div><\/div><div class=\"eael-filterable-gallery-item-wrap\">\n\t\t\t\t<div class=\"eael-gallery-grid-item\"><a href=\"https:\/\/glamorousholidays.com\/wp-content\/uploads\/2023\/10\/hot-ciragan-3.webp\" class=\"eael-magnific-link eael-magnific-link-clone media-content-wrap active\" data-elementor-open-lightbox=\"no\"><div class=\"gallery-item-thumbnail-wrap\"><img decoding=\"async\" src=\"https:\/\/glamorousholidays.com\/wp-content\/uploads\/2023\/10\/hot-ciragan-3.webp\" data-lazy-src=\"https:\/\/glamorousholidays.com\/wp-content\/uploads\/2023\/10\/hot-ciragan-3.webp\" alt=\"\" class=\"gallery-item-thumbnail\"><\/div><div class=\"gallery-item-caption-wrap caption-style-hoverer eael-slide-up\"><div class=\"gallery-item-hoverer-bg\"><\/div><div class=\"gallery-item-caption-over\"><\/div><\/div><\/a><\/a><\/a><\/div><\/div><div class=\"eael-filterable-gallery-item-wrap\">\n\t\t\t\t<div class=\"eael-gallery-grid-item\"><a href=\"https:\/\/glamorousholidays.com\/wp-content\/uploads\/2023\/10\/hot-ciragan-4.webp\" class=\"eael-magnific-link eael-magnific-link-clone media-content-wrap active\" data-elementor-open-lightbox=\"no\"><div class=\"gallery-item-thumbnail-wrap\"><img decoding=\"async\" src=\"https:\/\/glamorousholidays.com\/wp-content\/uploads\/2023\/10\/hot-ciragan-4.webp\" data-lazy-src=\"https:\/\/glamorousholidays.com\/wp-content\/uploads\/2023\/10\/hot-ciragan-4.webp\" alt=\"\" class=\"gallery-item-thumbnail\"><\/div><div class=\"gallery-item-caption-wrap caption-style-hoverer eael-slide-up\"><div class=\"gallery-item-hoverer-bg\"><\/div><div class=\"gallery-item-caption-over\"><\/div><\/div><\/a><\/a><\/a><\/div><\/div><div class=\"eael-filterable-gallery-item-wrap\">\n\t\t\t\t<div class=\"eael-gallery-grid-item\"><a href=\"https:\/\/glamorousholidays.com\/wp-content\/uploads\/2023\/10\/hot-ciragan-5.webp\" class=\"eael-magnific-link eael-magnific-link-clone media-content-wrap active\" data-elementor-open-lightbox=\"no\"><div class=\"gallery-item-thumbnail-wrap\"><img decoding=\"async\" src=\"https:\/\/glamorousholidays.com\/wp-content\/uploads\/2023\/10\/hot-ciragan-5.webp\" data-lazy-src=\"https:\/\/glamorousholidays.com\/wp-content\/uploads\/2023\/10\/hot-ciragan-5.webp\" alt=\"\" class=\"gallery-item-thumbnail\"><\/div><div class=\"gallery-item-caption-wrap caption-style-hoverer eael-slide-up\"><div class=\"gallery-item-hoverer-bg\"><\/div><div class=\"gallery-item-caption-over\"><\/div><\/div><\/a><\/a><\/a><\/div><\/div><div class=\"eael-filterable-gallery-item-wrap\">\n\t\t\t\t<div class=\"eael-gallery-grid-item\"><a href=\"https:\/\/glamorousholidays.com\/wp-content\/uploads\/2023\/10\/hot-ciragan-6.webp\" class=\"eael-magnific-link eael-magnific-link-clone media-content-wrap active\" data-elementor-open-lightbox=\"no\"><div class=\"gallery-item-thumbnail-wrap\"><img decoding=\"async\" src=\"https:\/\/glamorousholidays.com\/wp-content\/uploads\/2023\/10\/hot-ciragan-6.webp\" data-lazy-src=\"https:\/\/glamorousholidays.com\/wp-content\/uploads\/2023\/10\/hot-ciragan-6.webp\" alt=\"\" class=\"gallery-item-thumbnail\"><\/div><div class=\"gallery-item-caption-wrap caption-style-hoverer eael-slide-up\"><div class=\"gallery-item-hoverer-bg\"><\/div><div class=\"gallery-item-caption-over\"><\/div><\/div><\/a><\/a><\/a><\/div><\/div><div class=\"eael-filterable-gallery-item-wrap\">\n\t\t\t\t<div class=\"eael-gallery-grid-item\"><a href=\"https:\/\/glamorousholidays.com\/wp-content\/uploads\/2023\/10\/hot-ciragan-7.webp\" class=\"eael-magnific-link eael-magnific-link-clone media-content-wrap active\" data-elementor-open-lightbox=\"no\"><div class=\"gallery-item-thumbnail-wrap\"><img decoding=\"async\" src=\"https:\/\/glamorousholidays.com\/wp-content\/uploads\/2023\/10\/hot-ciragan-7.webp\" data-lazy-src=\"https:\/\/glamorousholidays.com\/wp-content\/uploads\/2023\/10\/hot-ciragan-7.webp\" alt=\"\" class=\"gallery-item-thumbnail\"><\/div><div class=\"gallery-item-caption-wrap caption-style-hoverer eael-slide-up\"><div class=\"gallery-item-hoverer-bg\"><\/div><div class=\"gallery-item-caption-over\"><\/div><\/div><\/a><\/a><\/a><\/div><\/div><div class=\"eael-filterable-gallery-item-wrap\">\n\t\t\t\t<div class=\"eael-gallery-grid-item\"><a href=\"https:\/\/glamorousholidays.com\/wp-content\/uploads\/2023\/10\/hot-ciragan-8.webp\" class=\"eael-magnific-link eael-magnific-link-clone media-content-wrap active\" data-elementor-open-lightbox=\"no\"><div class=\"gallery-item-thumbnail-wrap\"><img decoding=\"async\" src=\"https:\/\/glamorousholidays.com\/wp-content\/uploads\/2023\/10\/hot-ciragan-8.webp\" data-lazy-src=\"https:\/\/glamorousholidays.com\/wp-content\/uploads\/2023\/10\/hot-ciragan-8.webp\" alt=\"\" class=\"gallery-item-thumbnail\"><\/div><div class=\"gallery-item-caption-wrap caption-style-hoverer eael-slide-up\"><div class=\"gallery-item-hoverer-bg\"><\/div><div class=\"gallery-item-caption-over\"><\/div><\/div><\/a><\/a><\/a><\/div><\/div>            <\/div>\n            \n                    <\/div>\n        \n        \t\t<\/div>\n\t\t\t\t<\/div>\n\t\t\t\t\t<\/div>\n\t\t\t\t<\/div>\n\t\t\t\t\t\t\t<\/div>\n\t\t","protected":false},"excerpt":{"rendered":"<p>\u00c7\u0131ra\u011fan Palace Kempinski \u00c7\u0131ra\u011fan Palace Kempinski Istanbul, one of the most important symbols of the city with its unique location on the Bosphorus, magnificent architecture, rich history and unique beauty, has stepped into a brand new era dominated by the combination of historical textures with modern elegance, following the comprehensive renovation project carried out in [&hellip;]<\/p>\n","protected":false},"author":1,"featured_media":0,"parent":0,"menu_order":0,"comment_status":"closed","ping_status":"closed","template":"template-blank.php","meta":{"_themeisle_gutenberg_block_has_review":false,"footnotes":""},"class_list":["post-11145","page","type-page","status-publish","has-post-thumbnail","hentry"],"aioseo_notices":[],"_links":{"self":[{"href":"https:\/\/glamorousholidays.com\/en\/wp-json\/wp\/v2\/pages\/11145","targetHints":{"allow":["GET"]}}],"collection":[{"href":"https:\/\/glamorousholidays.com\/en\/wp-json\/wp\/v2\/pages"}],"about":[{"href":"https:\/\/glamorousholidays.com\/en\/wp-json\/wp\/v2\/types\/page"}],"author":[{"embeddable":true,"href":"https:\/\/glamorousholidays.com\/en\/wp-json\/wp\/v2\/users\/1"}],"replies":[{"embeddable":true,"href":"https:\/\/glamorousholidays.com\/en\/wp-json\/wp\/v2\/comments?post=11145"}],"version-history":[{"count":4,"href":"https:\/\/glamorousholidays.com\/en\/wp-json\/wp\/v2\/pages\/11145\/revisions"}],"predecessor-version":[{"id":11158,"href":"https:\/\/glamorousholidays.com\/en\/wp-json\/wp\/v2\/pages\/11145\/revisions\/11158"}],"wp:attachment":[{"href":"https:\/\/glamorousholidays.com\/en\/wp-json\/wp\/v2\/media?parent=11145"}],"curies":[{"name":"wp","href":"https:\/\/api.w.org\/{rel}","templated":true}]}}